{"id":731,"date":"2025-06-03T17:08:10","date_gmt":"2025-06-03T16:08:10","guid":{"rendered":"https:\/\/mikellizardi.eus\/?page_id=731"},"modified":"2025-06-04T20:02:56","modified_gmt":"2025-06-04T19:02:56","slug":"deporte","status":"publish","type":"page","link":"https:\/\/mikellizardi.eus\/?page_id=731&lang=es","title":{"rendered":"DEPORTE"},"content":{"rendered":"\t\t<div data-elementor-type=\"wp-page\" data-elementor-id=\"731\" class=\"elementor elementor-731\" data-elementor-settings=\"{&quot;ha_cmc_init_switcher&quot;:&quot;no&quot;}\" data-elementor-post-type=\"page\">\n\t\t\t\t<div class=\"elementor-element elementor-element-2f2f9b8 e-con-full e-flex e-con e-parent\" data-id=\"2f2f9b8\" data-element_type=\"container\" data-settings=\"{&quot;background_background&quot;:&quot;classic&quot;,&quot;_ha_eqh_enable&quot;:false}\">\n\t\t<div class=\"elementor-element elementor-element-398b49d e-con-full e-flex e-con e-child\" data-id=\"398b49d\" data-element_type=\"container\" data-settings=\"{&quot;background_background&quot;:&quot;classic&quot;,&quot;_ha_eqh_enable&quot;:false}\">\n\t\t<div class=\"elementor-element elementor-element-dae59d9 e-con-full e-flex e-con e-child\" data-id=\"dae59d9\" data-element_type=\"container\" data-settings=\"{&quot;_ha_eqh_enable&quot;:false}\">\n\t\t\t\t<\/div>\n\t\t<div class=\"elementor-element elementor-element-d20fccc e-con-full e-flex e-con e-child\" data-id=\"d20fccc\" data-element_type=\"container\" data-settings=\"{&quot;_ha_eqh_enable&quot;:false}\">\n\t\t\t\t<div class=\"elementor-element elementor-element-3b90709 elementor-widget elementor-widget-heading\" data-id=\"3b90709\" data-element_type=\"widget\" data-widget_type=\"heading.default\">\n\t\t\t\t<div class=\"elementor-widget-container\">\n\t\t\t\t\t<h1 class=\"elementor-heading-title elementor-size-default\">DEPORTE<\/h1>\t\t\t\t<\/div>\n\t\t\t\t<\/div>\n\t\t\t\t<\/div>\n\t\t<div class=\"elementor-element elementor-element-9da4dd8 e-con-full e-flex e-con e-child\" data-id=\"9da4dd8\" data-element_type=\"container\" data-settings=\"{&quot;_ha_eqh_enable&quot;:false}\">\n\t\t\t\t<div class=\"elementor-element elementor-element-f015aa0 elementor-view-default elementor-widget elementor-widget-icon\" data-id=\"f015aa0\" data-element_type=\"widget\" data-widget_type=\"icon.default\">\n\t\t\t\t<div class=\"elementor-widget-container\">\n\t\t\t\t\t\t\t<div class=\"elementor-icon-wrapper\">\n\t\t\t<div class=\"elementor-icon\">\n\t\t\t<svg aria-hidden=\"true\" class=\"e-font-icon-svg e-fas-arrow-down\" viewBox=\"0 0 448 512\" xmlns=\"http:\/\/www.w3.org\/2000\/svg\"><path d=\"M413.1 222.5l22.2 22.2c9.4 9.4 9.4 24.6 0 33.9L241 473c-9.4 9.4-24.6 9.4-33.9 0L12.7 278.6c-9.4-9.4-9.4-24.6 0-33.9l22.2-22.2c9.5-9.5 25-9.3 34.3.4L184 343.4V56c0-13.3 10.7-24 24-24h32c13.3 0 24 10.7 24 24v287.4l114.8-120.5c9.3-9.8 24.8-10 34.3-.4z\"><\/path><\/svg>\t\t\t<\/div>\n\t\t<\/div>\n\t\t\t\t\t\t<\/div>\n\t\t\t\t<\/div>\n\t\t\t\t<\/div>\n\t\t\t\t<\/div>\n\t\t<div class=\"elementor-element elementor-element-922aaeb e-flex e-con-boxed e-con e-child\" data-id=\"922aaeb\" data-element_type=\"container\" data-settings=\"{&quot;_ha_eqh_enable&quot;:false}\">\n\t\t\t\t\t<div class=\"e-con-inner\">\n\t\t\t\t\t<\/div>\n\t\t\t\t<\/div>\n\t\t\t\t<\/div>\n\t\t<div class=\"elementor-element elementor-element-afc8169 e-flex e-con-boxed e-con e-parent\" data-id=\"afc8169\" data-element_type=\"container\" data-settings=\"{&quot;_ha_eqh_enable&quot;:false}\">\n\t\t\t\t\t<div class=\"e-con-inner\">\n\t\t<div class=\"elementor-element elementor-element-3d4b3d4 e-con-full e-flex e-con e-child\" data-id=\"3d4b3d4\" data-element_type=\"container\" data-settings=\"{&quot;_ha_eqh_enable&quot;:false}\">\n\t\t\t\t<div class=\"elementor-element elementor-element-0e1da92 elementor-widget elementor-widget-image\" data-id=\"0e1da92\" data-element_type=\"widget\" data-widget_type=\"image.default\">\n\t\t\t\t<div class=\"elementor-widget-container\">\n\t\t\t\t\t\t\t\t\t\t\t\t\t\t\t<img fetchpriority=\"high\" decoding=\"async\" width=\"800\" height=\"514\" src=\"https:\/\/mikellizardi.eus\/wp-content\/uploads\/2025\/05\/Sin-titulo-7-1-1024x658.jpg\" class=\"attachment-large size-large wp-image-260\" alt=\"\" srcset=\"https:\/\/mikellizardi.eus\/wp-content\/uploads\/2025\/05\/Sin-titulo-7-1-1024x658.jpg 1024w, https:\/\/mikellizardi.eus\/wp-content\/uploads\/2025\/05\/Sin-titulo-7-1-300x193.jpg 300w, https:\/\/mikellizardi.eus\/wp-content\/uploads\/2025\/05\/Sin-titulo-7-1-768x494.jpg 768w, https:\/\/mikellizardi.eus\/wp-content\/uploads\/2025\/05\/Sin-titulo-7-1-1536x987.jpg 1536w, https:\/\/mikellizardi.eus\/wp-content\/uploads\/2025\/05\/Sin-titulo-7-1-2048x1317.jpg 2048w\" sizes=\"(max-width: 800px) 100vw, 800px\" \/>\t\t\t\t\t\t\t\t\t\t\t\t\t\t\t<\/div>\n\t\t\t\t<\/div>\n\t\t\t\t<\/div>\n\t\t<div class=\"elementor-element elementor-element-494059b e-con-full e-flex e-con e-child\" data-id=\"494059b\" data-element_type=\"container\" data-settings=\"{&quot;_ha_eqh_enable&quot;:false}\">\n\t\t\t\t<div class=\"elementor-element elementor-element-611946f elementor-widget elementor-widget-heading\" data-id=\"611946f\" data-element_type=\"widget\" data-widget_type=\"heading.default\">\n\t\t\t\t<div class=\"elementor-widget-container\">\n\t\t\t\t\t<h2 class=\"elementor-heading-title elementor-size-default\">RUGBY<\/h2>\t\t\t\t<\/div>\n\t\t\t\t<\/div>\n\t\t\t\t<div class=\"elementor-element elementor-element-fd5fc64 elementor-widget elementor-widget-text-editor\" data-id=\"fd5fc64\" data-element_type=\"widget\" data-widget_type=\"text-editor.default\">\n\t\t\t\t<div class=\"elementor-widget-container\">\n\t\t\t\t\t\t\t\t\t<h6>El club Menditarrak BRT juega en la localidad baztandarra de Lekaroz, grupo que naci\u00f3 para impulsar el rugby para j\u00f3venes y adultos de la comarca, combinando deporte y valores. El rugby que se puede ver en Lekaroz tiene bastante nivel, ya que se encuentra en la segunda divisi\u00f3n de Euskal Herria.<\/h6>\t\t\t\t\t\t\t\t<\/div>\n\t\t\t\t<\/div>\n\t\t\t\t<div class=\"elementor-element elementor-element-9a41021 elementor-widget elementor-widget-button\" data-id=\"9a41021\" data-element_type=\"widget\" data-widget_type=\"button.default\">\n\t\t\t\t<div class=\"elementor-widget-container\">\n\t\t\t\t\t\t\t\t\t<div class=\"elementor-button-wrapper\">\n\t\t\t\t\t<a class=\"elementor-button elementor-button-link elementor-size-sm\" href=\"https:\/\/mikellizardi.eus\/?page_id=756&#038;lang=es\">\n\t\t\t\t\t\t<span class=\"elementor-button-content-wrapper\">\n\t\t\t\t\t\t\t\t\t<span class=\"elementor-button-text\">FOTOS<\/span>\n\t\t\t\t\t<\/span>\n\t\t\t\t\t<\/a>\n\t\t\t\t<\/div>\n\t\t\t\t\t\t\t\t<\/div>\n\t\t\t\t<\/div>\n\t\t\t\t<\/div>\n\t\t\t\t\t<\/div>\n\t\t\t\t<\/div>\n\t\t<div class=\"elementor-element elementor-element-df9e03b e-flex e-con-boxed e-con e-parent\" data-id=\"df9e03b\" data-element_type=\"container\" data-settings=\"{&quot;background_background&quot;:&quot;classic&quot;,&quot;_ha_eqh_enable&quot;:false}\">\n\t\t\t\t\t<div class=\"e-con-inner\">\n\t\t<div class=\"elementor-element elementor-element-1db7f8b e-con-full e-flex e-con e-child\" data-id=\"1db7f8b\" data-element_type=\"container\" data-settings=\"{&quot;_ha_eqh_enable&quot;:false}\">\n\t\t\t\t<div class=\"elementor-element elementor-element-f0a2881 elementor-widget elementor-widget-heading\" data-id=\"f0a2881\" data-element_type=\"widget\" data-widget_type=\"heading.default\">\n\t\t\t\t<div class=\"elementor-widget-container\">\n\t\t\t\t\t<h2 class=\"elementor-heading-title elementor-size-default\"><span data-metadata=\"&lt;!--(figmeta)eyJmaWxlS2V5IjoiWkpOSHM0UVRwcjNCeTltNVNHeFdwNSIsInBhc3RlSUQiOjMwODIzNTUxNywiZGF0YVR5cGUiOiJzY2VuZSJ9Cg==(\/figmeta)--&gt;\"><\/span>ENDURO<\/h2>\t\t\t\t<\/div>\n\t\t\t\t<\/div>\n\t\t\t\t<div class=\"elementor-element elementor-element-c31509d elementor-widget elementor-widget-text-editor\" data-id=\"c31509d\" data-element_type=\"widget\" data-widget_type=\"text-editor.default\">\n\t\t\t\t<div class=\"elementor-widget-container\">\n\t\t\t\t\t\t\t\t\t<h6>Todo el monte y paisaje que hay en Baztan Bidasoa deja muchos y espectaculares lugares para andar con moto. Esto le lleva a tener muchos aficionados en la zona que les encanta este mundo y a hacerse pruebas de enduro en consecuencia. Entre ellos Narbarte enduro y Narbarte enduro indoor.<\/h6>\t\t\t\t\t\t\t\t<\/div>\n\t\t\t\t<\/div>\n\t\t\t\t<div class=\"elementor-element elementor-element-d1c5ed3 elementor-widget elementor-widget-button\" data-id=\"d1c5ed3\" data-element_type=\"widget\" data-widget_type=\"button.default\">\n\t\t\t\t<div class=\"elementor-widget-container\">\n\t\t\t\t\t\t\t\t\t<div class=\"elementor-button-wrapper\">\n\t\t\t\t\t<a class=\"elementor-button elementor-button-link elementor-size-sm\" href=\"https:\/\/mikellizardi.eus\/?page_id=761&#038;lang=es\">\n\t\t\t\t\t\t<span class=\"elementor-button-content-wrapper\">\n\t\t\t\t\t\t\t\t\t<span class=\"elementor-button-text\">FOTOS<\/span>\n\t\t\t\t\t<\/span>\n\t\t\t\t\t<\/a>\n\t\t\t\t<\/div>\n\t\t\t\t\t\t\t\t<\/div>\n\t\t\t\t<\/div>\n\t\t\t\t<\/div>\n\t\t<div class=\"elementor-element elementor-element-a31da0c e-con-full e-flex e-con e-child\" data-id=\"a31da0c\" data-element_type=\"container\" data-settings=\"{&quot;_ha_eqh_enable&quot;:false}\">\n\t\t\t\t<div class=\"elementor-element elementor-element-aee85be elementor-widget elementor-widget-image\" data-id=\"aee85be\" data-element_type=\"widget\" data-widget_type=\"image.default\">\n\t\t\t\t<div class=\"elementor-widget-container\">\n\t\t\t\t\t\t\t\t\t\t\t\t\t\t\t<img decoding=\"async\" width=\"800\" height=\"514\" src=\"https:\/\/mikellizardi.eus\/wp-content\/uploads\/2025\/05\/Sin-titulo-1-2-1024x658.jpg\" class=\"attachment-large size-large wp-image-274\" alt=\"\" srcset=\"https:\/\/mikellizardi.eus\/wp-content\/uploads\/2025\/05\/Sin-titulo-1-2-1024x658.jpg 1024w, https:\/\/mikellizardi.eus\/wp-content\/uploads\/2025\/05\/Sin-titulo-1-2-300x193.jpg 300w, https:\/\/mikellizardi.eus\/wp-content\/uploads\/2025\/05\/Sin-titulo-1-2-768x494.jpg 768w, https:\/\/mikellizardi.eus\/wp-content\/uploads\/2025\/05\/Sin-titulo-1-2-1536x987.jpg 1536w, https:\/\/mikellizardi.eus\/wp-content\/uploads\/2025\/05\/Sin-titulo-1-2-2048x1317.jpg 2048w\" sizes=\"(max-width: 800px) 100vw, 800px\" \/>\t\t\t\t\t\t\t\t\t\t\t\t\t\t\t<\/div>\n\t\t\t\t<\/div>\n\t\t\t\t<\/div>\n\t\t\t\t\t<\/div>\n\t\t\t\t<\/div>\n\t\t<div class=\"elementor-element elementor-element-2296f28 e-flex e-con-boxed e-con e-parent\" data-id=\"2296f28\" data-element_type=\"container\" data-settings=\"{&quot;_ha_eqh_enable&quot;:false}\">\n\t\t\t\t\t<div class=\"e-con-inner\">\n\t\t<div class=\"elementor-element elementor-element-16e826a e-con-full e-flex e-con e-child\" data-id=\"16e826a\" data-element_type=\"container\" data-settings=\"{&quot;_ha_eqh_enable&quot;:false}\">\n\t\t\t\t<div class=\"elementor-element elementor-element-34fb680 elementor-widget elementor-widget-image\" data-id=\"34fb680\" data-element_type=\"widget\" data-widget_type=\"image.default\">\n\t\t\t\t<div class=\"elementor-widget-container\">\n\t\t\t\t\t\t\t\t\t\t\t\t\t\t\t<img decoding=\"async\" width=\"800\" height=\"514\" src=\"https:\/\/mikellizardi.eus\/wp-content\/uploads\/2025\/05\/Sin-titulo-3-1024x658.jpg\" class=\"attachment-large size-large wp-image-244\" alt=\"\" srcset=\"https:\/\/mikellizardi.eus\/wp-content\/uploads\/2025\/05\/Sin-titulo-3-1024x658.jpg 1024w, https:\/\/mikellizardi.eus\/wp-content\/uploads\/2025\/05\/Sin-titulo-3-300x193.jpg 300w, https:\/\/mikellizardi.eus\/wp-content\/uploads\/2025\/05\/Sin-titulo-3-768x494.jpg 768w, https:\/\/mikellizardi.eus\/wp-content\/uploads\/2025\/05\/Sin-titulo-3-1536x987.jpg 1536w, https:\/\/mikellizardi.eus\/wp-content\/uploads\/2025\/05\/Sin-titulo-3-2048x1317.jpg 2048w\" sizes=\"(max-width: 800px) 100vw, 800px\" \/>\t\t\t\t\t\t\t\t\t\t\t\t\t\t\t<\/div>\n\t\t\t\t<\/div>\n\t\t\t\t<\/div>\n\t\t<div class=\"elementor-element elementor-element-58c000f e-con-full e-flex e-con e-child\" data-id=\"58c000f\" data-element_type=\"container\" data-settings=\"{&quot;_ha_eqh_enable&quot;:false}\">\n\t\t\t\t<div class=\"elementor-element elementor-element-5fde586 elementor-widget elementor-widget-heading\" data-id=\"5fde586\" data-element_type=\"widget\" data-widget_type=\"heading.default\">\n\t\t\t\t<div class=\"elementor-widget-container\">\n\t\t\t\t\t<h2 class=\"elementor-heading-title elementor-size-default\">RALLYS<\/h2>\t\t\t\t<\/div>\n\t\t\t\t<\/div>\n\t\t\t\t<div class=\"elementor-element elementor-element-b7ff8b6 elementor-widget elementor-widget-text-editor\" data-id=\"b7ff8b6\" data-element_type=\"widget\" data-widget_type=\"text-editor.default\">\n\t\t\t\t<div class=\"elementor-widget-container\">\n\t\t\t\t\t\t\t\t\t<h6>En la zona de Baztan-Bidasoa se celebran diversas pruebas de rally. Su espectacular paisaje y las habilidades de sus gu\u00edas ofrecen sorprendentes actuaciones a los espectadores. Las pruebas que se celebran en Izpegi, Ibardin, Lesaka y Malerreka, entre otros, avalan la emoci\u00f3n y el espect\u00e1culo.<\/h6>\t\t\t\t\t\t\t\t<\/div>\n\t\t\t\t<\/div>\n\t\t\t\t<div class=\"elementor-element elementor-element-ded3ce6 elementor-widget elementor-widget-button\" data-id=\"ded3ce6\" data-element_type=\"widget\" data-widget_type=\"button.default\">\n\t\t\t\t<div class=\"elementor-widget-container\">\n\t\t\t\t\t\t\t\t\t<div class=\"elementor-button-wrapper\">\n\t\t\t\t\t<a class=\"elementor-button elementor-button-link elementor-size-sm\" href=\"https:\/\/mikellizardi.eus\/?page_id=221\" target=\"_blank\">\n\t\t\t\t\t\t<span class=\"elementor-button-content-wrapper\">\n\t\t\t\t\t\t\t\t\t<span class=\"elementor-button-text\">FOTOS<\/span>\n\t\t\t\t\t<\/span>\n\t\t\t\t\t<\/a>\n\t\t\t\t<\/div>\n\t\t\t\t\t\t\t\t<\/div>\n\t\t\t\t<\/div>\n\t\t\t\t<\/div>\n\t\t\t\t\t<\/div>\n\t\t\t\t<\/div>\n\t\t<div class=\"elementor-element elementor-element-7d4363b e-flex e-con-boxed e-con e-parent\" data-id=\"7d4363b\" data-element_type=\"container\" data-settings=\"{&quot;background_background&quot;:&quot;classic&quot;,&quot;_ha_eqh_enable&quot;:false}\">\n\t\t\t\t\t<div class=\"e-con-inner\">\n\t\t<div class=\"elementor-element elementor-element-b58a443 e-con-full e-flex e-con e-child\" data-id=\"b58a443\" data-element_type=\"container\" data-settings=\"{&quot;_ha_eqh_enable&quot;:false}\">\n\t\t\t\t<div class=\"elementor-element elementor-element-750be37 elementor-widget elementor-widget-heading\" data-id=\"750be37\" data-element_type=\"widget\" data-widget_type=\"heading.default\">\n\t\t\t\t<div class=\"elementor-widget-container\">\n\t\t\t\t\t<h2 class=\"elementor-heading-title elementor-size-default\">FUTBOL<\/h2>\t\t\t\t<\/div>\n\t\t\t\t<\/div>\n\t\t\t\t<div class=\"elementor-element elementor-element-303a1de elementor-widget elementor-widget-text-editor\" data-id=\"303a1de\" data-element_type=\"widget\" data-widget_type=\"text-editor.default\">\n\t\t\t\t<div class=\"elementor-widget-container\">\n\t\t\t\t\t\t\t\t\t<h6>En el valle de Baztan se sigue de cerca al equipo del Valle. Cada dos fines de semana, gente de todos los pueblos del valle se re\u00fane en el campo de f\u00fatbol de Gilxaurdi para ver jugar a su equipo en la categor\u00eda Auton\u00f3mica de F\u00fatbol. Se crea un ambiente c\u00e1lido y cercano en el que la afici\u00f3n vive los partidos con mucha ilusi\u00f3n.<\/h6>\t\t\t\t\t\t\t\t<\/div>\n\t\t\t\t<\/div>\n\t\t\t\t<div class=\"elementor-element elementor-element-7ae5267 elementor-widget elementor-widget-button\" data-id=\"7ae5267\" data-element_type=\"widget\" data-widget_type=\"button.default\">\n\t\t\t\t<div class=\"elementor-widget-container\">\n\t\t\t\t\t\t\t\t\t<div class=\"elementor-button-wrapper\">\n\t\t\t\t\t<a class=\"elementor-button elementor-button-link elementor-size-sm\" href=\"https:\/\/mikellizardi.eus\/?page_id=741&#038;lang=es\">\n\t\t\t\t\t\t<span class=\"elementor-button-content-wrapper\">\n\t\t\t\t\t\t\t\t\t<span class=\"elementor-button-text\">FOTOS<\/span>\n\t\t\t\t\t<\/span>\n\t\t\t\t\t<\/a>\n\t\t\t\t<\/div>\n\t\t\t\t\t\t\t\t<\/div>\n\t\t\t\t<\/div>\n\t\t\t\t<\/div>\n\t\t<div class=\"elementor-element elementor-element-e5b9a15 e-con-full e-flex e-con e-child\" data-id=\"e5b9a15\" data-element_type=\"container\" data-settings=\"{&quot;_ha_eqh_enable&quot;:false}\">\n\t\t\t\t<div class=\"elementor-element elementor-element-fc1f14c elementor-widget elementor-widget-image\" data-id=\"fc1f14c\" data-element_type=\"widget\" data-widget_type=\"image.default\">\n\t\t\t\t<div class=\"elementor-widget-container\">\n\t\t\t\t\t\t\t\t\t\t\t\t\t\t\t<img loading=\"lazy\" decoding=\"async\" width=\"800\" height=\"514\" src=\"https:\/\/mikellizardi.eus\/wp-content\/uploads\/2025\/05\/Sin-titulo-4-4-1024x658.jpg\" class=\"attachment-large size-large wp-image-314\" alt=\"\" srcset=\"https:\/\/mikellizardi.eus\/wp-content\/uploads\/2025\/05\/Sin-titulo-4-4-1024x658.jpg 1024w, https:\/\/mikellizardi.eus\/wp-content\/uploads\/2025\/05\/Sin-titulo-4-4-300x193.jpg 300w, https:\/\/mikellizardi.eus\/wp-content\/uploads\/2025\/05\/Sin-titulo-4-4-768x494.jpg 768w, https:\/\/mikellizardi.eus\/wp-content\/uploads\/2025\/05\/Sin-titulo-4-4-1536x987.jpg 1536w, https:\/\/mikellizardi.eus\/wp-content\/uploads\/2025\/05\/Sin-titulo-4-4-2048x1317.jpg 2048w\" sizes=\"(max-width: 800px) 100vw, 800px\" \/>\t\t\t\t\t\t\t\t\t\t\t\t\t\t\t<\/div>\n\t\t\t\t<\/div>\n\t\t\t\t<\/div>\n\t\t\t\t\t<\/div>\n\t\t\t\t<\/div>\n\t\t<div class=\"elementor-element elementor-element-1fcaa7e e-flex e-con-boxed e-con e-parent\" data-id=\"1fcaa7e\" data-element_type=\"container\" data-settings=\"{&quot;_ha_eqh_enable&quot;:false}\">\n\t\t\t\t\t<div class=\"e-con-inner\">\n\t\t<div class=\"elementor-element elementor-element-d4ff694 e-con-full e-flex e-con e-child\" data-id=\"d4ff694\" data-element_type=\"container\" data-settings=\"{&quot;_ha_eqh_enable&quot;:false}\">\n\t\t\t\t<div class=\"elementor-element elementor-element-d7184a3 elementor-widget elementor-widget-image\" data-id=\"d7184a3\" data-element_type=\"widget\" data-widget_type=\"image.default\">\n\t\t\t\t<div class=\"elementor-widget-container\">\n\t\t\t\t\t\t\t\t\t\t\t\t\t\t\t<img loading=\"lazy\" decoding=\"async\" width=\"800\" height=\"514\" src=\"https:\/\/mikellizardi.eus\/wp-content\/uploads\/2025\/05\/Sin-titulo-4-3-1024x658.jpg\" class=\"attachment-large size-large wp-image-292\" alt=\"\" srcset=\"https:\/\/mikellizardi.eus\/wp-content\/uploads\/2025\/05\/Sin-titulo-4-3-1024x658.jpg 1024w, https:\/\/mikellizardi.eus\/wp-content\/uploads\/2025\/05\/Sin-titulo-4-3-300x193.jpg 300w, https:\/\/mikellizardi.eus\/wp-content\/uploads\/2025\/05\/Sin-titulo-4-3-768x494.jpg 768w, https:\/\/mikellizardi.eus\/wp-content\/uploads\/2025\/05\/Sin-titulo-4-3-1536x987.jpg 1536w, https:\/\/mikellizardi.eus\/wp-content\/uploads\/2025\/05\/Sin-titulo-4-3-2048x1317.jpg 2048w\" sizes=\"(max-width: 800px) 100vw, 800px\" \/>\t\t\t\t\t\t\t\t\t\t\t\t\t\t\t<\/div>\n\t\t\t\t<\/div>\n\t\t\t\t<\/div>\n\t\t<div class=\"elementor-element elementor-element-86c3ed0 e-con-full e-flex e-con e-child\" data-id=\"86c3ed0\" data-element_type=\"container\" data-settings=\"{&quot;_ha_eqh_enable&quot;:false}\">\n\t\t\t\t<div class=\"elementor-element elementor-element-f421234 elementor-widget elementor-widget-heading\" data-id=\"f421234\" data-element_type=\"widget\" data-widget_type=\"heading.default\">\n\t\t\t\t<div class=\"elementor-widget-container\">\n\t\t\t\t\t<h2 class=\"elementor-heading-title elementor-size-default\">CICLISMO<\/h2>\t\t\t\t<\/div>\n\t\t\t\t<\/div>\n\t\t\t\t<div class=\"elementor-element elementor-element-fdaff31 elementor-widget elementor-widget-text-editor\" data-id=\"fdaff31\" data-element_type=\"widget\" data-widget_type=\"text-editor.default\">\n\t\t\t\t<div class=\"elementor-widget-container\">\n\t\t\t\t\t\t\t\t\t<h6>La Vuelta al Bidasoa es una prueba que cada a\u00f1o transcurre por diferentes pueblos y montes de Baztan. Ciclistas llegados de todos los rincones de Euskal Herria, as\u00ed como deportistas no nativos se dan cita para llevar a cabo esta prueba, que dura tres d\u00edas. La competitividad a nivel deportivo y los paisajes espectaculares crean un ambiente \u00fanico.<\/h6>\t\t\t\t\t\t\t\t<\/div>\n\t\t\t\t<\/div>\n\t\t\t\t<div class=\"elementor-element elementor-element-906de93 elementor-widget elementor-widget-button\" data-id=\"906de93\" data-element_type=\"widget\" data-widget_type=\"button.default\">\n\t\t\t\t<div class=\"elementor-widget-container\">\n\t\t\t\t\t\t\t\t\t<div class=\"elementor-button-wrapper\">\n\t\t\t\t\t<a class=\"elementor-button elementor-button-link elementor-size-sm\" href=\"https:\/\/mikellizardi.eus\/?page_id=802&#038;lang=es\">\n\t\t\t\t\t\t<span class=\"elementor-button-content-wrapper\">\n\t\t\t\t\t\t\t\t\t<span class=\"elementor-button-text\">FOTOS<\/span>\n\t\t\t\t\t<\/span>\n\t\t\t\t\t<\/a>\n\t\t\t\t<\/div>\n\t\t\t\t\t\t\t\t<\/div>\n\t\t\t\t<\/div>\n\t\t\t\t<\/div>\n\t\t\t\t\t<\/div>\n\t\t\t\t<\/div>\n\t\t\t\t<\/div>\n\t\t","protected":false},"excerpt":{"rendered":"<p>DEPORTE RUGBY El club Menditarrak BRT juega en la localidad baztandarra de Lekaroz, grupo que naci\u00f3 para impulsar el rugby para j\u00f3venes y adultos de la comarca, combinando deporte y valores. El rugby que se puede ver en Lekaroz tiene bastante nivel, ya que se encuentra en la segunda divisi\u00f3n de Euskal Herria. FOTOS ENDURO [&hellip;]<\/p>\n","protected":false},"author":1,"featured_media":0,"parent":0,"menu_order":0,"comment_status":"closed","ping_status":"closed","template":"","meta":{"footnotes":""},"class_list":["post-731","page","type-page","status-publish","hentry"],"_links":{"self":[{"href":"https:\/\/mikellizardi.eus\/index.php?rest_route=\/wp\/v2\/pages\/731","targetHints":{"allow":["GET"]}}],"collection":[{"href":"https:\/\/mikellizardi.eus\/index.php?rest_route=\/wp\/v2\/pages"}],"about":[{"href":"https:\/\/mikellizardi.eus\/index.php?rest_route=\/wp\/v2\/types\/page"}],"author":[{"embeddable":true,"href":"https:\/\/mikellizardi.eus\/index.php?rest_route=\/wp\/v2\/users\/1"}],"replies":[{"embeddable":true,"href":"https:\/\/mikellizardi.eus\/index.php?rest_route=%2Fwp%2Fv2%2Fcomments&post=731"}],"version-history":[{"count":7,"href":"https:\/\/mikellizardi.eus\/index.php?rest_route=\/wp\/v2\/pages\/731\/revisions"}],"predecessor-version":[{"id":812,"href":"https:\/\/mikellizardi.eus\/index.php?rest_route=\/wp\/v2\/pages\/731\/revisions\/812"}],"wp:attachment":[{"href":"https:\/\/mikellizardi.eus\/index.php?rest_route=%2Fwp%2Fv2%2Fmedia&parent=731"}],"curies":[{"name":"wp","href":"https:\/\/api.w.org\/{rel}","templated":true}]}}