{"id":721,"date":"2025-06-03T16:58:11","date_gmt":"2025-06-03T15:58:11","guid":{"rendered":"https:\/\/mikellizardi.eus\/?page_id=721"},"modified":"2025-06-04T20:01:26","modified_gmt":"2025-06-04T19:01:26","slug":"cultura","status":"publish","type":"page","link":"https:\/\/mikellizardi.eus\/?page_id=721&lang=es","title":{"rendered":"CULTURA"},"content":{"rendered":"\t\t<div data-elementor-type=\"wp-page\" data-elementor-id=\"721\" class=\"elementor elementor-721\" data-elementor-settings=\"{&quot;ha_cmc_init_switcher&quot;:&quot;no&quot;}\" data-elementor-post-type=\"page\">\n\t\t\t\t<div class=\"elementor-element elementor-element-2f2f9b8 e-con-full e-flex e-con e-parent\" data-id=\"2f2f9b8\" data-element_type=\"container\" data-settings=\"{&quot;background_background&quot;:&quot;classic&quot;,&quot;_ha_eqh_enable&quot;:false}\">\n\t\t<div class=\"elementor-element elementor-element-398b49d e-con-full e-flex e-con e-child\" data-id=\"398b49d\" data-element_type=\"container\" data-settings=\"{&quot;background_background&quot;:&quot;classic&quot;,&quot;_ha_eqh_enable&quot;:false}\">\n\t\t<div class=\"elementor-element elementor-element-dae59d9 e-con-full e-flex e-con e-child\" data-id=\"dae59d9\" data-element_type=\"container\" data-settings=\"{&quot;_ha_eqh_enable&quot;:false}\">\n\t\t\t\t<\/div>\n\t\t<div class=\"elementor-element elementor-element-d20fccc e-con-full e-flex e-con e-child\" data-id=\"d20fccc\" data-element_type=\"container\" data-settings=\"{&quot;_ha_eqh_enable&quot;:false}\">\n\t\t\t\t<div class=\"elementor-element elementor-element-3b90709 elementor-widget elementor-widget-heading\" data-id=\"3b90709\" data-element_type=\"widget\" data-widget_type=\"heading.default\">\n\t\t\t\t<div class=\"elementor-widget-container\">\n\t\t\t\t\t<h1 class=\"elementor-heading-title elementor-size-default\">CULTURA<\/h1>\t\t\t\t<\/div>\n\t\t\t\t<\/div>\n\t\t\t\t<\/div>\n\t\t<div class=\"elementor-element elementor-element-9da4dd8 e-con-full e-flex e-con e-child\" data-id=\"9da4dd8\" data-element_type=\"container\" data-settings=\"{&quot;_ha_eqh_enable&quot;:false}\">\n\t\t\t\t<div class=\"elementor-element elementor-element-f015aa0 elementor-view-default elementor-widget elementor-widget-icon\" data-id=\"f015aa0\" data-element_type=\"widget\" data-widget_type=\"icon.default\">\n\t\t\t\t<div class=\"elementor-widget-container\">\n\t\t\t\t\t\t\t<div class=\"elementor-icon-wrapper\">\n\t\t\t<div class=\"elementor-icon\">\n\t\t\t<svg aria-hidden=\"true\" class=\"e-font-icon-svg e-fas-arrow-down\" viewBox=\"0 0 448 512\" xmlns=\"http:\/\/www.w3.org\/2000\/svg\"><path d=\"M413.1 222.5l22.2 22.2c9.4 9.4 9.4 24.6 0 33.9L241 473c-9.4 9.4-24.6 9.4-33.9 0L12.7 278.6c-9.4-9.4-9.4-24.6 0-33.9l22.2-22.2c9.5-9.5 25-9.3 34.3.4L184 343.4V56c0-13.3 10.7-24 24-24h32c13.3 0 24 10.7 24 24v287.4l114.8-120.5c9.3-9.8 24.8-10 34.3-.4z\"><\/path><\/svg>\t\t\t<\/div>\n\t\t<\/div>\n\t\t\t\t\t\t<\/div>\n\t\t\t\t<\/div>\n\t\t\t\t<\/div>\n\t\t\t\t<\/div>\n\t\t\t\t<\/div>\n\t\t<div class=\"elementor-element elementor-element-afc8169 e-flex e-con-boxed e-con e-parent\" data-id=\"afc8169\" data-element_type=\"container\" data-settings=\"{&quot;_ha_eqh_enable&quot;:false}\">\n\t\t\t\t\t<div class=\"e-con-inner\">\n\t\t<div class=\"elementor-element elementor-element-3d4b3d4 e-con-full e-flex e-con e-child\" data-id=\"3d4b3d4\" data-element_type=\"container\" data-settings=\"{&quot;_ha_eqh_enable&quot;:false}\">\n\t\t\t\t<div class=\"elementor-element elementor-element-0e1da92 elementor-widget elementor-widget-image\" data-id=\"0e1da92\" data-element_type=\"widget\" data-widget_type=\"image.default\">\n\t\t\t\t<div class=\"elementor-widget-container\">\n\t\t\t\t\t\t\t\t\t\t\t\t\t\t\t<img fetchpriority=\"high\" decoding=\"async\" width=\"800\" height=\"514\" src=\"https:\/\/mikellizardi.eus\/wp-content\/uploads\/2025\/05\/Sin-titulo-3-9-1024x658.jpg\" class=\"attachment-large size-large wp-image-454\" alt=\"\" srcset=\"https:\/\/mikellizardi.eus\/wp-content\/uploads\/2025\/05\/Sin-titulo-3-9-1024x658.jpg 1024w, https:\/\/mikellizardi.eus\/wp-content\/uploads\/2025\/05\/Sin-titulo-3-9-300x193.jpg 300w, https:\/\/mikellizardi.eus\/wp-content\/uploads\/2025\/05\/Sin-titulo-3-9-768x494.jpg 768w, https:\/\/mikellizardi.eus\/wp-content\/uploads\/2025\/05\/Sin-titulo-3-9-1536x987.jpg 1536w, https:\/\/mikellizardi.eus\/wp-content\/uploads\/2025\/05\/Sin-titulo-3-9-2048x1317.jpg 2048w\" sizes=\"(max-width: 800px) 100vw, 800px\" \/>\t\t\t\t\t\t\t\t\t\t\t\t\t\t\t<\/div>\n\t\t\t\t<\/div>\n\t\t\t\t<\/div>\n\t\t<div class=\"elementor-element elementor-element-494059b e-con-full e-flex e-con e-child\" data-id=\"494059b\" data-element_type=\"container\" data-settings=\"{&quot;_ha_eqh_enable&quot;:false}\">\n\t\t\t\t<div class=\"elementor-element elementor-element-611946f elementor-widget elementor-widget-heading\" data-id=\"611946f\" data-element_type=\"widget\" data-widget_type=\"heading.default\">\n\t\t\t\t<div class=\"elementor-widget-container\">\n\t\t\t\t\t<h2 class=\"elementor-heading-title elementor-size-default\">BAZTANDARREN BILTZARRA<\/h2>\t\t\t\t<\/div>\n\t\t\t\t<\/div>\n\t\t\t\t<div class=\"elementor-element elementor-element-fd5fc64 elementor-widget elementor-widget-text-editor\" data-id=\"fd5fc64\" data-element_type=\"widget\" data-widget_type=\"text-editor.default\">\n\t\t\t\t<div class=\"elementor-widget-container\">\n\t\t\t\t\t\t\t\t\t<h6><span style=\"font-size: 16px;\">Baztandarren Biltzarra es una fiesta popular que se celebra cada mes de julio en Elizondo, juntando a los pueblos del valle de Baztan. En este d\u00eda tan especial, los baztandarras celebran su cultura, sus costumbres y su uni\u00f3n. La kalejira, el vestuario tradicional, la m\u00fasica, los bailes y la gastronom\u00eda local son los ejes principales de la fiesta, que crea un ambiente alegre y participativo en las calles de Elizondo.<\/span><\/h6>\t\t\t\t\t\t\t\t<\/div>\n\t\t\t\t<\/div>\n\t\t\t\t<div class=\"elementor-element elementor-element-9a41021 elementor-widget elementor-widget-button\" data-id=\"9a41021\" data-element_type=\"widget\" data-widget_type=\"button.default\">\n\t\t\t\t<div class=\"elementor-widget-container\">\n\t\t\t\t\t\t\t\t\t<div class=\"elementor-button-wrapper\">\n\t\t\t\t\t<a class=\"elementor-button elementor-button-link elementor-size-sm\" href=\"https:\/\/mikellizardi.eus\/?page_id=387\">\n\t\t\t\t\t\t<span class=\"elementor-button-content-wrapper\">\n\t\t\t\t\t\t\t\t\t<span class=\"elementor-button-text\">FOTOS<\/span>\n\t\t\t\t\t<\/span>\n\t\t\t\t\t<\/a>\n\t\t\t\t<\/div>\n\t\t\t\t\t\t\t\t<\/div>\n\t\t\t\t<\/div>\n\t\t\t\t<\/div>\n\t\t\t\t\t<\/div>\n\t\t\t\t<\/div>\n\t\t<div class=\"elementor-element elementor-element-df9e03b e-flex e-con-boxed e-con e-parent\" data-id=\"df9e03b\" data-element_type=\"container\" data-settings=\"{&quot;background_background&quot;:&quot;classic&quot;,&quot;_ha_eqh_enable&quot;:false}\">\n\t\t\t\t\t<div class=\"e-con-inner\">\n\t\t<div class=\"elementor-element elementor-element-1db7f8b e-con-full e-flex e-con e-child\" data-id=\"1db7f8b\" data-element_type=\"container\" data-settings=\"{&quot;_ha_eqh_enable&quot;:false}\">\n\t\t\t\t<div class=\"elementor-element elementor-element-f0a2881 elementor-widget elementor-widget-heading\" data-id=\"f0a2881\" data-element_type=\"widget\" data-widget_type=\"heading.default\">\n\t\t\t\t<div class=\"elementor-widget-container\">\n\t\t\t\t\t<h2 class=\"elementor-heading-title elementor-size-default\"><span data-metadata=\"&lt;!--(figmeta)eyJmaWxlS2V5IjoiWkpOSHM0UVRwcjNCeTltNVNHeFdwNSIsInBhc3RlSUQiOjMwODIzNTUxNywiZGF0YVR5cGUiOiJzY2VuZSJ9Cg==(\/figmeta)--&gt;\"><\/span>CARNAVALES<\/h2>\t\t\t\t<\/div>\n\t\t\t\t<\/div>\n\t\t\t\t<div class=\"elementor-element elementor-element-c31509d elementor-widget elementor-widget-text-editor\" data-id=\"c31509d\" data-element_type=\"widget\" data-widget_type=\"text-editor.default\">\n\t\t\t\t<div class=\"elementor-widget-container\">\n\t\t\t\t\t\t\t\t\t<h6><span style=\"font-size: 16px;\">Los carnavales de Arizkun y Erratzu son importantes exponentes de las viejas tradiciones de Baztan, y muestran una fuerte identidad cultural del valle. Los personajes tradicionales que aparecen en ella, como el oso y las damas, evocan ritos del pasado y la unidad de la comunidad, manteniendo vivo un legado vivo transmitido de generaci\u00f3n en generaci\u00f3n.<\/span><\/h6>\t\t\t\t\t\t\t\t<\/div>\n\t\t\t\t<\/div>\n\t\t\t\t<div class=\"elementor-element elementor-element-d1c5ed3 elementor-widget elementor-widget-button\" data-id=\"d1c5ed3\" data-element_type=\"widget\" data-widget_type=\"button.default\">\n\t\t\t\t<div class=\"elementor-widget-container\">\n\t\t\t\t\t\t\t\t\t<div class=\"elementor-button-wrapper\">\n\t\t\t\t\t<a class=\"elementor-button elementor-button-link elementor-size-sm\" href=\"https:\/\/mikellizardi.eus\/?page_id=736&#038;lang=es\">\n\t\t\t\t\t\t<span class=\"elementor-button-content-wrapper\">\n\t\t\t\t\t\t\t\t\t<span class=\"elementor-button-text\">FOTOS<\/span>\n\t\t\t\t\t<\/span>\n\t\t\t\t\t<\/a>\n\t\t\t\t<\/div>\n\t\t\t\t\t\t\t\t<\/div>\n\t\t\t\t<\/div>\n\t\t\t\t<\/div>\n\t\t<div class=\"elementor-element elementor-element-a31da0c e-con-full e-flex e-con e-child\" data-id=\"a31da0c\" data-element_type=\"container\" data-settings=\"{&quot;_ha_eqh_enable&quot;:false}\">\n\t\t\t\t<div class=\"elementor-element elementor-element-aee85be elementor-widget elementor-widget-image\" data-id=\"aee85be\" data-element_type=\"widget\" data-widget_type=\"image.default\">\n\t\t\t\t<div class=\"elementor-widget-container\">\n\t\t\t\t\t\t\t\t\t\t\t\t\t\t\t<img decoding=\"async\" width=\"800\" height=\"534\" src=\"https:\/\/mikellizardi.eus\/wp-content\/uploads\/2025\/05\/IMG_0416-edt-1-1024x683.jpg\" class=\"attachment-large size-large wp-image-470\" alt=\"\" srcset=\"https:\/\/mikellizardi.eus\/wp-content\/uploads\/2025\/05\/IMG_0416-edt-1-1024x683.jpg 1024w, https:\/\/mikellizardi.eus\/wp-content\/uploads\/2025\/05\/IMG_0416-edt-1-300x200.jpg 300w, https:\/\/mikellizardi.eus\/wp-content\/uploads\/2025\/05\/IMG_0416-edt-1-768x512.jpg 768w, https:\/\/mikellizardi.eus\/wp-content\/uploads\/2025\/05\/IMG_0416-edt-1-1536x1024.jpg 1536w, https:\/\/mikellizardi.eus\/wp-content\/uploads\/2025\/05\/IMG_0416-edt-1-2048x1365.jpg 2048w\" sizes=\"(max-width: 800px) 100vw, 800px\" \/>\t\t\t\t\t\t\t\t\t\t\t\t\t\t\t<\/div>\n\t\t\t\t<\/div>\n\t\t\t\t<\/div>\n\t\t\t\t\t<\/div>\n\t\t\t\t<\/div>\n\t\t<div class=\"elementor-element elementor-element-2296f28 e-flex e-con-boxed e-con e-parent\" data-id=\"2296f28\" data-element_type=\"container\" data-settings=\"{&quot;_ha_eqh_enable&quot;:false}\">\n\t\t\t\t\t<div class=\"e-con-inner\">\n\t\t<div class=\"elementor-element elementor-element-16e826a e-con-full e-flex e-con e-child\" data-id=\"16e826a\" data-element_type=\"container\" data-settings=\"{&quot;_ha_eqh_enable&quot;:false}\">\n\t\t\t\t<div class=\"elementor-element elementor-element-34fb680 elementor-widget elementor-widget-image\" data-id=\"34fb680\" data-element_type=\"widget\" data-widget_type=\"image.default\">\n\t\t\t\t<div class=\"elementor-widget-container\">\n\t\t\t\t\t\t\t\t\t\t\t\t\t\t\t<img decoding=\"async\" width=\"800\" height=\"514\" src=\"https:\/\/mikellizardi.eus\/wp-content\/uploads\/2025\/05\/Sin-titulo-1-6-1024x658.jpg\" class=\"attachment-large size-large wp-image-367\" alt=\"\" srcset=\"https:\/\/mikellizardi.eus\/wp-content\/uploads\/2025\/05\/Sin-titulo-1-6-1024x658.jpg 1024w, https:\/\/mikellizardi.eus\/wp-content\/uploads\/2025\/05\/Sin-titulo-1-6-300x193.jpg 300w, https:\/\/mikellizardi.eus\/wp-content\/uploads\/2025\/05\/Sin-titulo-1-6-768x494.jpg 768w, https:\/\/mikellizardi.eus\/wp-content\/uploads\/2025\/05\/Sin-titulo-1-6-1536x987.jpg 1536w, https:\/\/mikellizardi.eus\/wp-content\/uploads\/2025\/05\/Sin-titulo-1-6-2048x1317.jpg 2048w\" sizes=\"(max-width: 800px) 100vw, 800px\" \/>\t\t\t\t\t\t\t\t\t\t\t\t\t\t\t<\/div>\n\t\t\t\t<\/div>\n\t\t\t\t<\/div>\n\t\t<div class=\"elementor-element elementor-element-58c000f e-con-full e-flex e-con e-child\" data-id=\"58c000f\" data-element_type=\"container\" data-settings=\"{&quot;_ha_eqh_enable&quot;:false}\">\n\t\t\t\t<div class=\"elementor-element elementor-element-5fde586 elementor-widget elementor-widget-heading\" data-id=\"5fde586\" data-element_type=\"widget\" data-widget_type=\"heading.default\">\n\t\t\t\t<div class=\"elementor-widget-container\">\n\t\t\t\t\t<h2 class=\"elementor-heading-title elementor-size-default\">FERIA<\/h2>\t\t\t\t<\/div>\n\t\t\t\t<\/div>\n\t\t\t\t<div class=\"elementor-element elementor-element-b7ff8b6 elementor-widget elementor-widget-text-editor\" data-id=\"b7ff8b6\" data-element_type=\"widget\" data-widget_type=\"text-editor.default\">\n\t\t\t\t<div class=\"elementor-widget-container\">\n\t\t\t\t\t\t\t\t\t<h6>En Baztan tiene mucha fuerza la ganader\u00eda y el tercer sector. A lo largo del a\u00f1o se celebran en Elizondo varias veces ferias y concursos de animales. La feria m\u00e1s potente es la Feria de Octubre, aunque tambi\u00e9n es importante la feria de las Vacas Pirenaicas.<\/h6>\t\t\t\t\t\t\t\t<\/div>\n\t\t\t\t<\/div>\n\t\t\t\t<div class=\"elementor-element elementor-element-ded3ce6 elementor-widget elementor-widget-button\" data-id=\"ded3ce6\" data-element_type=\"widget\" data-widget_type=\"button.default\">\n\t\t\t\t<div class=\"elementor-widget-container\">\n\t\t\t\t\t\t\t\t\t<div class=\"elementor-button-wrapper\">\n\t\t\t\t\t<a class=\"elementor-button elementor-button-link elementor-size-sm\" href=\"https:\/\/mikellizardi.eus\/?page_id=746&#038;lang=es\">\n\t\t\t\t\t\t<span class=\"elementor-button-content-wrapper\">\n\t\t\t\t\t\t\t\t\t<span class=\"elementor-button-text\">FOTOS<\/span>\n\t\t\t\t\t<\/span>\n\t\t\t\t\t<\/a>\n\t\t\t\t<\/div>\n\t\t\t\t\t\t\t\t<\/div>\n\t\t\t\t<\/div>\n\t\t\t\t<\/div>\n\t\t\t\t\t<\/div>\n\t\t\t\t<\/div>\n\t\t<div class=\"elementor-element elementor-element-7d4363b e-flex e-con-boxed e-con e-parent\" data-id=\"7d4363b\" data-element_type=\"container\" data-settings=\"{&quot;background_background&quot;:&quot;classic&quot;,&quot;_ha_eqh_enable&quot;:false}\">\n\t\t\t\t\t<div class=\"e-con-inner\">\n\t\t<div class=\"elementor-element elementor-element-b58a443 e-con-full e-flex e-con e-child\" data-id=\"b58a443\" data-element_type=\"container\" data-settings=\"{&quot;_ha_eqh_enable&quot;:false}\">\n\t\t\t\t<div class=\"elementor-element elementor-element-750be37 elementor-widget elementor-widget-heading\" data-id=\"750be37\" data-element_type=\"widget\" data-widget_type=\"heading.default\">\n\t\t\t\t<div class=\"elementor-widget-container\">\n\t\t\t\t\t<h2 class=\"elementor-heading-title elementor-size-default\">EZPATA DANTZA<\/h2>\t\t\t\t<\/div>\n\t\t\t\t<\/div>\n\t\t\t\t<div class=\"elementor-element elementor-element-303a1de elementor-widget elementor-widget-text-editor\" data-id=\"303a1de\" data-element_type=\"widget\" data-widget_type=\"text-editor.default\">\n\t\t\t\t<div class=\"elementor-widget-container\">\n\t\t\t\t\t\t\t\t\t<h6>Con el fin de recuperar las tradiciones, un grupo de j\u00f3venes de Arizkun cre\u00f3 un grupo de danzas: Arizkungo Ezpatadantzariak. Este grupo baila de pueblo en pueblo, alegrando a los pueblos y acaparando al p\u00fablico. Junto a los bailes, los aplausos son frecuentes, se\u00f1al de aprecio y acogida del p\u00fablico.<\/h6>\t\t\t\t\t\t\t\t<\/div>\n\t\t\t\t<\/div>\n\t\t\t\t<div class=\"elementor-element elementor-element-7ae5267 elementor-widget elementor-widget-button\" data-id=\"7ae5267\" data-element_type=\"widget\" data-widget_type=\"button.default\">\n\t\t\t\t<div class=\"elementor-widget-container\">\n\t\t\t\t\t\t\t\t\t<div class=\"elementor-button-wrapper\">\n\t\t\t\t\t<a class=\"elementor-button elementor-button-link elementor-size-sm\" href=\"https:\/\/mikellizardi.eus\/?page_id=344\">\n\t\t\t\t\t\t<span class=\"elementor-button-content-wrapper\">\n\t\t\t\t\t\t\t\t\t<span class=\"elementor-button-text\">FOTOS<\/span>\n\t\t\t\t\t<\/span>\n\t\t\t\t\t<\/a>\n\t\t\t\t<\/div>\n\t\t\t\t\t\t\t\t<\/div>\n\t\t\t\t<\/div>\n\t\t\t\t<\/div>\n\t\t<div class=\"elementor-element elementor-element-e5b9a15 e-con-full e-flex e-con e-child\" data-id=\"e5b9a15\" data-element_type=\"container\" data-settings=\"{&quot;_ha_eqh_enable&quot;:false}\">\n\t\t\t\t<div class=\"elementor-element elementor-element-fc1f14c elementor-widget elementor-widget-image\" data-id=\"fc1f14c\" data-element_type=\"widget\" data-widget_type=\"image.default\">\n\t\t\t\t<div class=\"elementor-widget-container\">\n\t\t\t\t\t\t\t\t\t\t\t\t\t\t\t<img loading=\"lazy\" decoding=\"async\" width=\"800\" height=\"514\" src=\"https:\/\/mikellizardi.eus\/wp-content\/uploads\/2025\/05\/Sin-titulo-8-4-1024x658.jpg\" class=\"attachment-large size-large wp-image-354\" alt=\"\" srcset=\"https:\/\/mikellizardi.eus\/wp-content\/uploads\/2025\/05\/Sin-titulo-8-4-1024x658.jpg 1024w, https:\/\/mikellizardi.eus\/wp-content\/uploads\/2025\/05\/Sin-titulo-8-4-300x193.jpg 300w, https:\/\/mikellizardi.eus\/wp-content\/uploads\/2025\/05\/Sin-titulo-8-4-768x494.jpg 768w, https:\/\/mikellizardi.eus\/wp-content\/uploads\/2025\/05\/Sin-titulo-8-4-1536x987.jpg 1536w, https:\/\/mikellizardi.eus\/wp-content\/uploads\/2025\/05\/Sin-titulo-8-4-2048x1317.jpg 2048w\" sizes=\"(max-width: 800px) 100vw, 800px\" \/>\t\t\t\t\t\t\t\t\t\t\t\t\t\t\t<\/div>\n\t\t\t\t<\/div>\n\t\t\t\t<\/div>\n\t\t\t\t\t<\/div>\n\t\t\t\t<\/div>\n\t\t<div class=\"elementor-element elementor-element-f6a9b81 e-flex e-con-boxed e-con e-parent\" data-id=\"f6a9b81\" data-element_type=\"container\" data-settings=\"{&quot;_ha_eqh_enable&quot;:false}\">\n\t\t\t\t\t<div class=\"e-con-inner\">\n\t\t\t\t\t<\/div>\n\t\t\t\t<\/div>\n\t\t\t\t<\/div>\n\t\t","protected":false},"excerpt":{"rendered":"<p>CULTURA BAZTANDARREN BILTZARRA Baztandarren Biltzarra es una fiesta popular que se celebra cada mes de julio en Elizondo, juntando a los pueblos del valle de Baztan. En este d\u00eda tan especial, los baztandarras celebran su cultura, sus costumbres y su uni\u00f3n. La kalejira, el vestuario tradicional, la m\u00fasica, los bailes y la gastronom\u00eda local son [&hellip;]<\/p>\n","protected":false},"author":1,"featured_media":0,"parent":0,"menu_order":0,"comment_status":"closed","ping_status":"closed","template":"","meta":{"footnotes":""},"class_list":["post-721","page","type-page","status-publish","hentry"],"_links":{"self":[{"href":"https:\/\/mikellizardi.eus\/index.php?rest_route=\/wp\/v2\/pages\/721","targetHints":{"allow":["GET"]}}],"collection":[{"href":"https:\/\/mikellizardi.eus\/index.php?rest_route=\/wp\/v2\/pages"}],"about":[{"href":"https:\/\/mikellizardi.eus\/index.php?rest_route=\/wp\/v2\/types\/page"}],"author":[{"embeddable":true,"href":"https:\/\/mikellizardi.eus\/index.php?rest_route=\/wp\/v2\/users\/1"}],"replies":[{"embeddable":true,"href":"https:\/\/mikellizardi.eus\/index.php?rest_route=%2Fwp%2Fv2%2Fcomments&post=721"}],"version-history":[{"count":7,"href":"https:\/\/mikellizardi.eus\/index.php?rest_route=\/wp\/v2\/pages\/721\/revisions"}],"predecessor-version":[{"id":809,"href":"https:\/\/mikellizardi.eus\/index.php?rest_route=\/wp\/v2\/pages\/721\/revisions\/809"}],"wp:attachment":[{"href":"https:\/\/mikellizardi.eus\/index.php?rest_route=%2Fwp%2Fv2%2Fmedia&parent=721"}],"curies":[{"name":"wp","href":"https:\/\/api.w.org\/{rel}","templated":true}]}}