{"id":705,"date":"2025-06-03T16:44:54","date_gmt":"2025-06-03T15:44:54","guid":{"rendered":"https:\/\/mikellizardi.eus\/?page_id=705"},"modified":"2025-06-04T20:04:00","modified_gmt":"2025-06-04T19:04:00","slug":"naturaleza","status":"publish","type":"page","link":"https:\/\/mikellizardi.eus\/?page_id=705&lang=es","title":{"rendered":"NATURALEZA"},"content":{"rendered":"\t\t<div data-elementor-type=\"wp-page\" data-elementor-id=\"705\" class=\"elementor elementor-705\" data-elementor-settings=\"{&quot;ha_cmc_init_switcher&quot;:&quot;no&quot;}\" data-elementor-post-type=\"page\">\n\t\t\t\t<div class=\"elementor-element elementor-element-2f2f9b8 e-con-full e-flex e-con e-parent\" data-id=\"2f2f9b8\" data-element_type=\"container\" data-settings=\"{&quot;background_background&quot;:&quot;classic&quot;,&quot;_ha_eqh_enable&quot;:false}\">\n\t\t<div class=\"elementor-element elementor-element-398b49d e-con-full e-flex e-con e-child\" data-id=\"398b49d\" data-element_type=\"container\" data-settings=\"{&quot;background_background&quot;:&quot;classic&quot;,&quot;_ha_eqh_enable&quot;:false}\">\n\t\t<div class=\"elementor-element elementor-element-dae59d9 e-con-full e-flex e-con e-child\" data-id=\"dae59d9\" data-element_type=\"container\" data-settings=\"{&quot;_ha_eqh_enable&quot;:false}\">\n\t\t\t\t<\/div>\n\t\t<div class=\"elementor-element elementor-element-d20fccc e-con-full e-flex e-con e-child\" data-id=\"d20fccc\" data-element_type=\"container\" data-settings=\"{&quot;_ha_eqh_enable&quot;:false}\">\n\t\t\t\t<div class=\"elementor-element elementor-element-3b90709 elementor-widget elementor-widget-heading\" data-id=\"3b90709\" data-element_type=\"widget\" data-widget_type=\"heading.default\">\n\t\t\t\t<div class=\"elementor-widget-container\">\n\t\t\t\t\t<h1 class=\"elementor-heading-title elementor-size-default\">NATURALEZA<\/h1>\t\t\t\t<\/div>\n\t\t\t\t<\/div>\n\t\t\t\t<\/div>\n\t\t<div class=\"elementor-element elementor-element-9da4dd8 e-con-full e-flex e-con e-child\" data-id=\"9da4dd8\" data-element_type=\"container\" data-settings=\"{&quot;_ha_eqh_enable&quot;:false}\">\n\t\t\t\t<div class=\"elementor-element elementor-element-f015aa0 elementor-view-default elementor-widget elementor-widget-icon\" data-id=\"f015aa0\" data-element_type=\"widget\" data-widget_type=\"icon.default\">\n\t\t\t\t<div class=\"elementor-widget-container\">\n\t\t\t\t\t\t\t<div class=\"elementor-icon-wrapper\">\n\t\t\t<div class=\"elementor-icon\">\n\t\t\t<svg aria-hidden=\"true\" class=\"e-font-icon-svg e-fas-arrow-down\" viewBox=\"0 0 448 512\" xmlns=\"http:\/\/www.w3.org\/2000\/svg\"><path d=\"M413.1 222.5l22.2 22.2c9.4 9.4 9.4 24.6 0 33.9L241 473c-9.4 9.4-24.6 9.4-33.9 0L12.7 278.6c-9.4-9.4-9.4-24.6 0-33.9l22.2-22.2c9.5-9.5 25-9.3 34.3.4L184 343.4V56c0-13.3 10.7-24 24-24h32c13.3 0 24 10.7 24 24v287.4l114.8-120.5c9.3-9.8 24.8-10 34.3-.4z\"><\/path><\/svg>\t\t\t<\/div>\n\t\t<\/div>\n\t\t\t\t\t\t<\/div>\n\t\t\t\t<\/div>\n\t\t\t\t<\/div>\n\t\t\t\t<\/div>\n\t\t<div class=\"elementor-element elementor-element-922aaeb e-flex e-con-boxed e-con e-child\" data-id=\"922aaeb\" data-element_type=\"container\" data-settings=\"{&quot;_ha_eqh_enable&quot;:false}\">\n\t\t\t\t\t<div class=\"e-con-inner\">\n\t\t\t\t\t<\/div>\n\t\t\t\t<\/div>\n\t\t\t\t<\/div>\n\t\t<div class=\"elementor-element elementor-element-afc8169 e-flex e-con-boxed e-con e-parent\" data-id=\"afc8169\" data-element_type=\"container\" data-settings=\"{&quot;_ha_eqh_enable&quot;:false}\">\n\t\t\t\t\t<div class=\"e-con-inner\">\n\t\t<div class=\"elementor-element elementor-element-3d4b3d4 e-con-full e-flex e-con e-child\" data-id=\"3d4b3d4\" data-element_type=\"container\" data-settings=\"{&quot;_ha_eqh_enable&quot;:false}\">\n\t\t\t\t<div class=\"elementor-element elementor-element-0e1da92 elementor-widget elementor-widget-image\" data-id=\"0e1da92\" data-element_type=\"widget\" data-widget_type=\"image.default\">\n\t\t\t\t<div class=\"elementor-widget-container\">\n\t\t\t\t\t\t\t\t\t\t\t\t\t\t\t<img fetchpriority=\"high\" decoding=\"async\" width=\"800\" height=\"534\" src=\"https:\/\/mikellizardi.eus\/wp-content\/uploads\/2025\/05\/IMG_6538-edt-1024x683.jpg\" class=\"attachment-large size-large wp-image-48\" alt=\"\" srcset=\"https:\/\/mikellizardi.eus\/wp-content\/uploads\/2025\/05\/IMG_6538-edt-1024x683.jpg 1024w, https:\/\/mikellizardi.eus\/wp-content\/uploads\/2025\/05\/IMG_6538-edt-300x200.jpg 300w, https:\/\/mikellizardi.eus\/wp-content\/uploads\/2025\/05\/IMG_6538-edt-768x512.jpg 768w, https:\/\/mikellizardi.eus\/wp-content\/uploads\/2025\/05\/IMG_6538-edt-1536x1024.jpg 1536w, https:\/\/mikellizardi.eus\/wp-content\/uploads\/2025\/05\/IMG_6538-edt-2048x1365.jpg 2048w\" sizes=\"(max-width: 800px) 100vw, 800px\" \/>\t\t\t\t\t\t\t\t\t\t\t\t\t\t\t<\/div>\n\t\t\t\t<\/div>\n\t\t\t\t<\/div>\n\t\t<div class=\"elementor-element elementor-element-494059b e-con-full e-flex e-con e-child\" data-id=\"494059b\" data-element_type=\"container\" data-settings=\"{&quot;_ha_eqh_enable&quot;:false}\">\n\t\t\t\t<div class=\"elementor-element elementor-element-611946f elementor-widget elementor-widget-heading\" data-id=\"611946f\" data-element_type=\"widget\" data-widget_type=\"heading.default\">\n\t\t\t\t<div class=\"elementor-widget-container\">\n\t\t\t\t\t<h2 class=\"elementor-heading-title elementor-size-default\">AMANECERES<\/h2>\t\t\t\t<\/div>\n\t\t\t\t<\/div>\n\t\t\t\t<div class=\"elementor-element elementor-element-fd5fc64 elementor-widget elementor-widget-text-editor\" data-id=\"fd5fc64\" data-element_type=\"widget\" data-widget_type=\"text-editor.default\">\n\t\t\t\t<div class=\"elementor-widget-container\">\n\t\t\t\t\t\t\t\t\t<h6><span style=\"font-size: 16px;\">Los espectaculares paisajes de Baztan y alrededores unidos al amanecer dejan unas fotos \u00fanicas. En ese momento m\u00e1gico, la luz y las sombras crean un juego especial sobre las monta\u00f1as y los valles que resulta realmente espectacular para los espectadores y fot\u00f3grafos.<\/span><\/h6>\t\t\t\t\t\t\t\t<\/div>\n\t\t\t\t<\/div>\n\t\t\t\t<div class=\"elementor-element elementor-element-9a41021 elementor-widget elementor-widget-button\" data-id=\"9a41021\" data-element_type=\"widget\" data-widget_type=\"button.default\">\n\t\t\t\t<div class=\"elementor-widget-container\">\n\t\t\t\t\t\t\t\t\t<div class=\"elementor-button-wrapper\">\n\t\t\t\t\t<a class=\"elementor-button elementor-button-link elementor-size-sm\" href=\"https:\/\/mikellizardi.eus\/?page_id=766&#038;lang=es\">\n\t\t\t\t\t\t<span class=\"elementor-button-content-wrapper\">\n\t\t\t\t\t\t\t\t\t<span class=\"elementor-button-text\">FOTOS<\/span>\n\t\t\t\t\t<\/span>\n\t\t\t\t\t<\/a>\n\t\t\t\t<\/div>\n\t\t\t\t\t\t\t\t<\/div>\n\t\t\t\t<\/div>\n\t\t\t\t<\/div>\n\t\t\t\t\t<\/div>\n\t\t\t\t<\/div>\n\t\t<div class=\"elementor-element elementor-element-df9e03b e-flex e-con-boxed e-con e-parent\" data-id=\"df9e03b\" data-element_type=\"container\" data-settings=\"{&quot;background_background&quot;:&quot;classic&quot;,&quot;_ha_eqh_enable&quot;:false}\">\n\t\t\t\t\t<div class=\"e-con-inner\">\n\t\t<div class=\"elementor-element elementor-element-1db7f8b e-con-full e-flex e-con e-child\" data-id=\"1db7f8b\" data-element_type=\"container\" data-settings=\"{&quot;_ha_eqh_enable&quot;:false}\">\n\t\t\t\t<div class=\"elementor-element elementor-element-f0a2881 elementor-widget elementor-widget-heading\" data-id=\"f0a2881\" data-element_type=\"widget\" data-widget_type=\"heading.default\">\n\t\t\t\t<div class=\"elementor-widget-container\">\n\t\t\t\t\t<h2 class=\"elementor-heading-title elementor-size-default\"><span data-metadata=\"&lt;!--(figmeta)eyJmaWxlS2V5IjoiWkpOSHM0UVRwcjNCeTltNVNHeFdwNSIsInBhc3RlSUQiOjMwODIzNTUxNywiZGF0YVR5cGUiOiJzY2VuZSJ9Cg==(\/figmeta)--&gt;\"><\/span>ANIMALES EN LA NATURALEZA<\/h2>\t\t\t\t<\/div>\n\t\t\t\t<\/div>\n\t\t\t\t<div class=\"elementor-element elementor-element-c31509d elementor-widget elementor-widget-text-editor\" data-id=\"c31509d\" data-element_type=\"widget\" data-widget_type=\"text-editor.default\">\n\t\t\t\t<div class=\"elementor-widget-container\">\n\t\t\t\t\t\t\t\t\t<h6>En los montes y prados de Baztan se pueden encontrar numerosos animales. Vacas, caballos y ponis, ovejas y toda clase de p\u00e1jaros conforman el rico medio natural. En los bosques y pastizales de estos parajes se a\u00fanan una fauna variada y paisajes espectaculares que ofrecen una oportunidad \u00fanica para disfrutar de la naturaleza.<\/h6>\t\t\t\t\t\t\t\t<\/div>\n\t\t\t\t<\/div>\n\t\t\t\t<div class=\"elementor-element elementor-element-d1c5ed3 elementor-widget elementor-widget-button\" data-id=\"d1c5ed3\" data-element_type=\"widget\" data-widget_type=\"button.default\">\n\t\t\t\t<div class=\"elementor-widget-container\">\n\t\t\t\t\t\t\t\t\t<div class=\"elementor-button-wrapper\">\n\t\t\t\t\t<a class=\"elementor-button elementor-button-link elementor-size-sm\" href=\"https:\/\/mikellizardi.eus\/?page_id=776&#038;lang=es\">\n\t\t\t\t\t\t<span class=\"elementor-button-content-wrapper\">\n\t\t\t\t\t\t\t\t\t<span class=\"elementor-button-text\">FOTOS<\/span>\n\t\t\t\t\t<\/span>\n\t\t\t\t\t<\/a>\n\t\t\t\t<\/div>\n\t\t\t\t\t\t\t\t<\/div>\n\t\t\t\t<\/div>\n\t\t\t\t<\/div>\n\t\t<div class=\"elementor-element elementor-element-a31da0c e-con-full e-flex e-con e-child\" data-id=\"a31da0c\" data-element_type=\"container\" data-settings=\"{&quot;_ha_eqh_enable&quot;:false}\">\n\t\t\t\t<div class=\"elementor-element elementor-element-aee85be elementor-widget elementor-widget-image\" data-id=\"aee85be\" data-element_type=\"widget\" data-widget_type=\"image.default\">\n\t\t\t\t<div class=\"elementor-widget-container\">\n\t\t\t\t\t\t\t\t\t\t\t\t\t\t\t<img decoding=\"async\" width=\"800\" height=\"534\" src=\"https:\/\/mikellizardi.eus\/wp-content\/uploads\/2025\/05\/IMG_8376-1-1024x683.jpg\" class=\"attachment-large size-large wp-image-558\" alt=\"\" srcset=\"https:\/\/mikellizardi.eus\/wp-content\/uploads\/2025\/05\/IMG_8376-1-1024x683.jpg 1024w, https:\/\/mikellizardi.eus\/wp-content\/uploads\/2025\/05\/IMG_8376-1-300x200.jpg 300w, https:\/\/mikellizardi.eus\/wp-content\/uploads\/2025\/05\/IMG_8376-1-768x512.jpg 768w, https:\/\/mikellizardi.eus\/wp-content\/uploads\/2025\/05\/IMG_8376-1-1536x1024.jpg 1536w, https:\/\/mikellizardi.eus\/wp-content\/uploads\/2025\/05\/IMG_8376-1-2048x1365.jpg 2048w\" sizes=\"(max-width: 800px) 100vw, 800px\" \/>\t\t\t\t\t\t\t\t\t\t\t\t\t\t\t<\/div>\n\t\t\t\t<\/div>\n\t\t\t\t<\/div>\n\t\t\t\t\t<\/div>\n\t\t\t\t<\/div>\n\t\t<div class=\"elementor-element elementor-element-2296f28 e-flex e-con-boxed e-con e-parent\" data-id=\"2296f28\" data-element_type=\"container\" data-settings=\"{&quot;_ha_eqh_enable&quot;:false}\">\n\t\t\t\t\t<div class=\"e-con-inner\">\n\t\t<div class=\"elementor-element elementor-element-16e826a e-con-full e-flex e-con e-child\" data-id=\"16e826a\" data-element_type=\"container\" data-settings=\"{&quot;_ha_eqh_enable&quot;:false}\">\n\t\t\t\t<div class=\"elementor-element elementor-element-34fb680 elementor-widget elementor-widget-image\" data-id=\"34fb680\" data-element_type=\"widget\" data-widget_type=\"image.default\">\n\t\t\t\t<div class=\"elementor-widget-container\">\n\t\t\t\t\t\t\t\t\t\t\t\t\t\t\t<img decoding=\"async\" width=\"800\" height=\"450\" src=\"https:\/\/mikellizardi.eus\/wp-content\/uploads\/2025\/05\/dji_export_1659433405197-edt_Original-1024x576.jpg\" class=\"attachment-large size-large wp-image-46\" alt=\"\" srcset=\"https:\/\/mikellizardi.eus\/wp-content\/uploads\/2025\/05\/dji_export_1659433405197-edt_Original-1024x576.jpg 1024w, https:\/\/mikellizardi.eus\/wp-content\/uploads\/2025\/05\/dji_export_1659433405197-edt_Original-300x169.jpg 300w, https:\/\/mikellizardi.eus\/wp-content\/uploads\/2025\/05\/dji_export_1659433405197-edt_Original-768x432.jpg 768w, https:\/\/mikellizardi.eus\/wp-content\/uploads\/2025\/05\/dji_export_1659433405197-edt_Original-1536x864.jpg 1536w, https:\/\/mikellizardi.eus\/wp-content\/uploads\/2025\/05\/dji_export_1659433405197-edt_Original-2048x1152.jpg 2048w\" sizes=\"(max-width: 800px) 100vw, 800px\" \/>\t\t\t\t\t\t\t\t\t\t\t\t\t\t\t<\/div>\n\t\t\t\t<\/div>\n\t\t\t\t<\/div>\n\t\t<div class=\"elementor-element elementor-element-58c000f e-con-full e-flex e-con e-child\" data-id=\"58c000f\" data-element_type=\"container\" data-settings=\"{&quot;_ha_eqh_enable&quot;:false}\">\n\t\t\t\t<div class=\"elementor-element elementor-element-5fde586 elementor-widget elementor-widget-heading\" data-id=\"5fde586\" data-element_type=\"widget\" data-widget_type=\"heading.default\">\n\t\t\t\t<div class=\"elementor-widget-container\">\n\t\t\t\t\t<h2 class=\"elementor-heading-title elementor-size-default\">MONTA\u00d1A<\/h2>\t\t\t\t<\/div>\n\t\t\t\t<\/div>\n\t\t\t\t<div class=\"elementor-element elementor-element-b7ff8b6 elementor-widget elementor-widget-text-editor\" data-id=\"b7ff8b6\" data-element_type=\"widget\" data-widget_type=\"text-editor.default\">\n\t\t\t\t<div class=\"elementor-widget-container\">\n\t\t\t\t\t\t\t\t\t<h6><span style=\"font-size: 16px;\">En el valle del Bazt\u00e1n predominan los montes. Ellos son los protagonistas del valle y a sus pies est\u00e1n diseminados los pueblos y los caser\u00edos. Desde las cimas se ven kil\u00f3metros y kil\u00f3metros en todas direcciones: valles verdes, l\u00edneas de monta\u00f1a lejanas y, en d\u00edas limpios, hasta el mar.<\/span><\/h6>\t\t\t\t\t\t\t\t<\/div>\n\t\t\t\t<\/div>\n\t\t\t\t<div class=\"elementor-element elementor-element-ded3ce6 elementor-widget elementor-widget-button\" data-id=\"ded3ce6\" data-element_type=\"widget\" data-widget_type=\"button.default\">\n\t\t\t\t<div class=\"elementor-widget-container\">\n\t\t\t\t\t\t\t\t\t<div class=\"elementor-button-wrapper\">\n\t\t\t\t\t<a class=\"elementor-button elementor-button-link elementor-size-sm\" href=\"https:\/\/mikellizardi.eus\/?page_id=711&#038;lang=es\">\n\t\t\t\t\t\t<span class=\"elementor-button-content-wrapper\">\n\t\t\t\t\t\t\t\t\t<span class=\"elementor-button-text\">FOTOS<\/span>\n\t\t\t\t\t<\/span>\n\t\t\t\t\t<\/a>\n\t\t\t\t<\/div>\n\t\t\t\t\t\t\t\t<\/div>\n\t\t\t\t<\/div>\n\t\t\t\t<\/div>\n\t\t\t\t\t<\/div>\n\t\t\t\t<\/div>\n\t\t\t\t<\/div>\n\t\t","protected":false},"excerpt":{"rendered":"<p>NATURALEZA AMANECERES Los espectaculares paisajes de Baztan y alrededores unidos al amanecer dejan unas fotos \u00fanicas. En ese momento m\u00e1gico, la luz y las sombras crean un juego especial sobre las monta\u00f1as y los valles que resulta realmente espectacular para los espectadores y fot\u00f3grafos. FOTOS ANIMALES EN LA NATURALEZA En los montes y prados de [&hellip;]<\/p>\n","protected":false},"author":1,"featured_media":0,"parent":0,"menu_order":0,"comment_status":"closed","ping_status":"closed","template":"","meta":{"footnotes":""},"class_list":["post-705","page","type-page","status-publish","hentry"],"_links":{"self":[{"href":"https:\/\/mikellizardi.eus\/index.php?rest_route=\/wp\/v2\/pages\/705","targetHints":{"allow":["GET"]}}],"collection":[{"href":"https:\/\/mikellizardi.eus\/index.php?rest_route=\/wp\/v2\/pages"}],"about":[{"href":"https:\/\/mikellizardi.eus\/index.php?rest_route=\/wp\/v2\/types\/page"}],"author":[{"embeddable":true,"href":"https:\/\/mikellizardi.eus\/index.php?rest_route=\/wp\/v2\/users\/1"}],"replies":[{"embeddable":true,"href":"https:\/\/mikellizardi.eus\/index.php?rest_route=%2Fwp%2Fv2%2Fcomments&post=705"}],"version-history":[{"count":7,"href":"https:\/\/mikellizardi.eus\/index.php?rest_route=\/wp\/v2\/pages\/705\/revisions"}],"predecessor-version":[{"id":815,"href":"https:\/\/mikellizardi.eus\/index.php?rest_route=\/wp\/v2\/pages\/705\/revisions\/815"}],"wp:attachment":[{"href":"https:\/\/mikellizardi.eus\/index.php?rest_route=%2Fwp%2Fv2%2Fmedia&parent=705"}],"curies":[{"name":"wp","href":"https:\/\/api.w.org\/{rel}","templated":true}]}}