{"id":699,"date":"2025-06-03T16:23:44","date_gmt":"2025-06-03T15:23:44","guid":{"rendered":"https:\/\/mikellizardi.eus\/?page_id=699"},"modified":"2025-06-03T16:43:23","modified_gmt":"2025-06-03T15:43:23","slug":"sobre-mi","status":"publish","type":"page","link":"https:\/\/mikellizardi.eus\/?page_id=699&lang=es","title":{"rendered":"SOBRE M\u00cd"},"content":{"rendered":"\t\t<div data-elementor-type=\"wp-page\" data-elementor-id=\"699\" class=\"elementor elementor-699\" data-elementor-settings=\"{&quot;ha_cmc_init_switcher&quot;:&quot;no&quot;}\" data-elementor-post-type=\"page\">\n\t\t\t\t<div class=\"elementor-element elementor-element-2f2f9b8 e-con-full e-flex e-con e-parent\" data-id=\"2f2f9b8\" data-element_type=\"container\" data-settings=\"{&quot;background_background&quot;:&quot;classic&quot;,&quot;_ha_eqh_enable&quot;:false}\">\n\t\t<div class=\"elementor-element elementor-element-398b49d e-con-full e-flex e-con e-child\" data-id=\"398b49d\" data-element_type=\"container\" data-settings=\"{&quot;background_background&quot;:&quot;classic&quot;,&quot;_ha_eqh_enable&quot;:false}\">\n\t\t<div class=\"elementor-element elementor-element-dae59d9 e-con-full e-flex e-con e-child\" data-id=\"dae59d9\" data-element_type=\"container\" data-settings=\"{&quot;_ha_eqh_enable&quot;:false}\">\n\t\t\t\t<\/div>\n\t\t<div class=\"elementor-element elementor-element-d20fccc e-con-full e-flex e-con e-child\" data-id=\"d20fccc\" data-element_type=\"container\" data-settings=\"{&quot;_ha_eqh_enable&quot;:false}\">\n\t\t\t\t<div class=\"elementor-element elementor-element-3b90709 elementor-widget elementor-widget-heading\" data-id=\"3b90709\" data-element_type=\"widget\" data-widget_type=\"heading.default\">\n\t\t\t\t<div class=\"elementor-widget-container\">\n\t\t\t\t\t<h1 class=\"elementor-heading-title elementor-size-default\">SOBRE M\u00cd<\/h1>\t\t\t\t<\/div>\n\t\t\t\t<\/div>\n\t\t\t\t<\/div>\n\t\t<div class=\"elementor-element elementor-element-9da4dd8 e-con-full e-flex e-con e-child\" data-id=\"9da4dd8\" data-element_type=\"container\" data-settings=\"{&quot;_ha_eqh_enable&quot;:false}\">\n\t\t\t\t<div class=\"elementor-element elementor-element-f015aa0 elementor-view-default elementor-widget elementor-widget-icon\" data-id=\"f015aa0\" data-element_type=\"widget\" data-widget_type=\"icon.default\">\n\t\t\t\t<div class=\"elementor-widget-container\">\n\t\t\t\t\t\t\t<div class=\"elementor-icon-wrapper\">\n\t\t\t<div class=\"elementor-icon\">\n\t\t\t<svg aria-hidden=\"true\" class=\"e-font-icon-svg e-fas-arrow-down\" viewBox=\"0 0 448 512\" xmlns=\"http:\/\/www.w3.org\/2000\/svg\"><path d=\"M413.1 222.5l22.2 22.2c9.4 9.4 9.4 24.6 0 33.9L241 473c-9.4 9.4-24.6 9.4-33.9 0L12.7 278.6c-9.4-9.4-9.4-24.6 0-33.9l22.2-22.2c9.5-9.5 25-9.3 34.3.4L184 343.4V56c0-13.3 10.7-24 24-24h32c13.3 0 24 10.7 24 24v287.4l114.8-120.5c9.3-9.8 24.8-10 34.3-.4z\"><\/path><\/svg>\t\t\t<\/div>\n\t\t<\/div>\n\t\t\t\t\t\t<\/div>\n\t\t\t\t<\/div>\n\t\t\t\t<\/div>\n\t\t\t\t<\/div>\n\t\t<div class=\"elementor-element elementor-element-922aaeb e-flex e-con-boxed e-con e-child\" data-id=\"922aaeb\" data-element_type=\"container\" data-settings=\"{&quot;_ha_eqh_enable&quot;:false}\">\n\t\t\t\t\t<div class=\"e-con-inner\">\n\t\t\t\t\t<\/div>\n\t\t\t\t<\/div>\n\t\t\t\t<\/div>\n\t\t<div class=\"elementor-element elementor-element-afc8169 e-flex e-con-boxed e-con e-parent\" data-id=\"afc8169\" data-element_type=\"container\" data-settings=\"{&quot;_ha_eqh_enable&quot;:false}\">\n\t\t\t\t\t<div class=\"e-con-inner\">\n\t\t<div class=\"elementor-element elementor-element-3d4b3d4 e-con-full e-flex e-con e-child\" data-id=\"3d4b3d4\" data-element_type=\"container\" data-settings=\"{&quot;_ha_eqh_enable&quot;:false}\">\n\t\t\t\t<div class=\"elementor-element elementor-element-0e1da92 elementor-widget elementor-widget-image\" data-id=\"0e1da92\" data-element_type=\"widget\" data-widget_type=\"image.default\">\n\t\t\t\t<div class=\"elementor-widget-container\">\n\t\t\t\t\t\t\t\t\t\t\t\t\t\t\t<img fetchpriority=\"high\" decoding=\"async\" width=\"800\" height=\"698\" src=\"https:\/\/mikellizardi.eus\/wp-content\/uploads\/2025\/05\/IMG-20211012-WA00024-1024x894.jpg\" class=\"attachment-large size-large wp-image-197\" alt=\"\" srcset=\"https:\/\/mikellizardi.eus\/wp-content\/uploads\/2025\/05\/IMG-20211012-WA00024-1024x894.jpg 1024w, https:\/\/mikellizardi.eus\/wp-content\/uploads\/2025\/05\/IMG-20211012-WA00024-300x262.jpg 300w, https:\/\/mikellizardi.eus\/wp-content\/uploads\/2025\/05\/IMG-20211012-WA00024-768x671.jpg 768w, https:\/\/mikellizardi.eus\/wp-content\/uploads\/2025\/05\/IMG-20211012-WA00024.jpg 1500w\" sizes=\"(max-width: 800px) 100vw, 800px\" \/>\t\t\t\t\t\t\t\t\t\t\t\t\t\t\t<\/div>\n\t\t\t\t<\/div>\n\t\t\t\t<\/div>\n\t\t<div class=\"elementor-element elementor-element-494059b e-con-full e-flex e-con e-child\" data-id=\"494059b\" data-element_type=\"container\" data-settings=\"{&quot;_ha_eqh_enable&quot;:false}\">\n\t\t\t\t<div class=\"elementor-element elementor-element-611946f elementor-widget elementor-widget-heading\" data-id=\"611946f\" data-element_type=\"widget\" data-widget_type=\"heading.default\">\n\t\t\t\t<div class=\"elementor-widget-container\">\n\t\t\t\t\t<h2 class=\"elementor-heading-title elementor-size-default\">\u00bfQUI\u00c9N SOY?<\/h2>\t\t\t\t<\/div>\n\t\t\t\t<\/div>\n\t\t\t\t<div class=\"elementor-element elementor-element-fd5fc64 elementor-widget elementor-widget-text-editor\" data-id=\"fd5fc64\" data-element_type=\"widget\" data-widget_type=\"text-editor.default\">\n\t\t\t\t<div class=\"elementor-widget-container\">\n\t\t\t\t\t\t\t\t\t<p><strong>Soy un joven del valle del Bazt\u00e1n. Siempre me ha gustado el deporte, la monta\u00f1a y las aventuras. Siempre me ha gustado el mundo audiovisual y actualmente estudio comunicaci\u00f3n audiovisual en Mondragon Unibertsitatea. Hoy en d\u00eda ando con mi c\u00e1mara siempre que pueden fotografiar por el Baztan Bidasoa. Adem\u00e1s, cada vez que voy a cualquier sitio con mi familia o amigos o hago cualquier cosa siempre llevo la c\u00e1mara conmigo. De hecho, puedo decir que hoy en d\u00eda la c\u00e1mara se ha convertido en parte de mi personalidad y pocas veces me ver\u00e1s sin ella.<\/strong><\/p>\t\t\t\t\t\t\t\t<\/div>\n\t\t\t\t<\/div>\n\t\t\t\t<\/div>\n\t\t\t\t\t<\/div>\n\t\t\t\t<\/div>\n\t\t<div class=\"elementor-element elementor-element-df9e03b e-flex e-con-boxed e-con e-parent\" data-id=\"df9e03b\" data-element_type=\"container\" data-settings=\"{&quot;_ha_eqh_enable&quot;:false}\">\n\t\t\t\t\t<div class=\"e-con-inner\">\n\t\t<div class=\"elementor-element elementor-element-1db7f8b e-con-full e-flex e-con e-child\" data-id=\"1db7f8b\" data-element_type=\"container\" data-settings=\"{&quot;_ha_eqh_enable&quot;:false}\">\n\t\t\t\t<div class=\"elementor-element elementor-element-f0a2881 elementor-widget elementor-widget-heading\" data-id=\"f0a2881\" data-element_type=\"widget\" data-widget_type=\"heading.default\">\n\t\t\t\t<div class=\"elementor-widget-container\">\n\t\t\t\t\t<h2 class=\"elementor-heading-title elementor-size-default\">MI RELACI\u00d3N CON LA FOTOGRAF\u00cdA<\/h2>\t\t\t\t<\/div>\n\t\t\t\t<\/div>\n\t\t\t\t<div class=\"elementor-element elementor-element-c31509d elementor-widget elementor-widget-text-editor\" data-id=\"c31509d\" data-element_type=\"widget\" data-widget_type=\"text-editor.default\">\n\t\t\t\t<div class=\"elementor-widget-container\">\n\t\t\t\t\t\t\t\t\t<h6>\u00a0<\/h6><div class=\"row\"><div class=\"col-md-12 col-xs-12\">Desde peque\u00f1o me ha gustado mucho ver fotos de m\u00edas y de mi familia y. En 2020 el Covid-19 hizo que todos pas\u00e1ramos mucho tiempo en casa. Yo cog\u00ed del caj\u00f3n de casa la vieja c\u00e1mara de mi madre y empec\u00e9 a fotografiarla desde el balc\u00f3n. Poco a poco me empez\u00f3 a gustar m\u00e1s y en cuanto sal\u00ed del confinamiento decid\u00ed apuntarme a clases de fotograf\u00eda. Desde entonces no me he parado de fotografiar todo tipo de cosas hasta hoy. Estos cinco a\u00f1os en el mundo de la fotograf\u00eda me han ayudado a mejorar tanto mis fotograf\u00edas como mi edici\u00f3n y sigo con muchas ganas de aprender y mejorar.<\/div><\/div>\t\t\t\t\t\t\t\t<\/div>\n\t\t\t\t<\/div>\n\t\t\t\t<\/div>\n\t\t<div class=\"elementor-element elementor-element-a31da0c e-con-full e-flex e-con e-child\" data-id=\"a31da0c\" data-element_type=\"container\" data-settings=\"{&quot;_ha_eqh_enable&quot;:false}\">\n\t\t\t\t<div class=\"elementor-element elementor-element-aee85be elementor-widget elementor-widget-image\" data-id=\"aee85be\" data-element_type=\"widget\" data-widget_type=\"image.default\">\n\t\t\t\t<div class=\"elementor-widget-container\">\n\t\t\t\t\t\t\t\t\t\t\t\t\t\t\t<img decoding=\"async\" width=\"800\" height=\"534\" src=\"https:\/\/mikellizardi.eus\/wp-content\/uploads\/2025\/05\/IMG_7665-Recuperado-1024x683.jpg\" class=\"attachment-large size-large wp-image-194\" alt=\"\" srcset=\"https:\/\/mikellizardi.eus\/wp-content\/uploads\/2025\/05\/IMG_7665-Recuperado-1024x683.jpg 1024w, https:\/\/mikellizardi.eus\/wp-content\/uploads\/2025\/05\/IMG_7665-Recuperado-300x200.jpg 300w, https:\/\/mikellizardi.eus\/wp-content\/uploads\/2025\/05\/IMG_7665-Recuperado-768x512.jpg 768w, https:\/\/mikellizardi.eus\/wp-content\/uploads\/2025\/05\/IMG_7665-Recuperado-1536x1024.jpg 1536w, https:\/\/mikellizardi.eus\/wp-content\/uploads\/2025\/05\/IMG_7665-Recuperado-2048x1365.jpg 2048w\" sizes=\"(max-width: 800px) 100vw, 800px\" \/>\t\t\t\t\t\t\t\t\t\t\t\t\t\t\t<\/div>\n\t\t\t\t<\/div>\n\t\t\t\t<\/div>\n\t\t\t\t\t<\/div>\n\t\t\t\t<\/div>\n\t\t<div class=\"elementor-element elementor-element-560c05c e-flex e-con-boxed e-con e-parent\" data-id=\"560c05c\" data-element_type=\"container\" data-settings=\"{&quot;_ha_eqh_enable&quot;:false}\">\n\t\t\t\t\t<div class=\"e-con-inner\">\n\t\t\t\t<div class=\"elementor-element elementor-element-ec4130c elementor-widget elementor-widget-heading\" data-id=\"ec4130c\" data-element_type=\"widget\" data-widget_type=\"heading.default\">\n\t\t\t\t<div class=\"elementor-widget-container\">\n\t\t\t\t\t<h2 class=\"elementor-heading-title elementor-size-default\">MIS V\u00cdDEOS<\/h2>\t\t\t\t<\/div>\n\t\t\t\t<\/div>\n\t\t\t\t\t<\/div>\n\t\t\t\t<\/div>\n\t\t<div class=\"elementor-element elementor-element-6459f2b e-flex e-con-boxed e-con e-parent\" data-id=\"6459f2b\" data-element_type=\"container\" data-settings=\"{&quot;_ha_eqh_enable&quot;:false}\">\n\t\t\t\t\t<div class=\"e-con-inner\">\n\t\t\t\t<div class=\"elementor-element elementor-element-f003b91 elementor-widget elementor-widget-video\" data-id=\"f003b91\" data-element_type=\"widget\" data-settings=\"{&quot;youtube_url&quot;:&quot;https:\\\/\\\/www.youtube.com\\\/watch?v=XrkGz5f-fGE&quot;,&quot;video_type&quot;:&quot;youtube&quot;,&quot;controls&quot;:&quot;yes&quot;}\" data-widget_type=\"video.default\">\n\t\t\t\t<div class=\"elementor-widget-container\">\n\t\t\t\t\t\t\t<div class=\"elementor-wrapper elementor-open-inline\">\n\t\t\t<div class=\"elementor-video\"><\/div>\t\t<\/div>\n\t\t\t\t\t\t<\/div>\n\t\t\t\t<\/div>\n\t\t\t\t<div class=\"elementor-element elementor-element-e52d4cf elementor-widget elementor-widget-video\" data-id=\"e52d4cf\" data-element_type=\"widget\" data-settings=\"{&quot;youtube_url&quot;:&quot;https:\\\/\\\/youtu.be\\\/ZADjR_YNQy0&quot;,&quot;video_type&quot;:&quot;youtube&quot;,&quot;controls&quot;:&quot;yes&quot;}\" data-widget_type=\"video.default\">\n\t\t\t\t<div class=\"elementor-widget-container\">\n\t\t\t\t\t\t\t<div class=\"elementor-wrapper elementor-open-inline\">\n\t\t\t<div class=\"elementor-video\"><\/div>\t\t<\/div>\n\t\t\t\t\t\t<\/div>\n\t\t\t\t<\/div>\n\t\t\t\t<div class=\"elementor-element elementor-element-ed25e81 elementor-widget elementor-widget-video\" data-id=\"ed25e81\" data-element_type=\"widget\" data-settings=\"{&quot;youtube_url&quot;:&quot;https:\\\/\\\/youtu.be\\\/slfHD300mqs&quot;,&quot;video_type&quot;:&quot;youtube&quot;,&quot;controls&quot;:&quot;yes&quot;}\" data-widget_type=\"video.default\">\n\t\t\t\t<div class=\"elementor-widget-container\">\n\t\t\t\t\t\t\t<div class=\"elementor-wrapper elementor-open-inline\">\n\t\t\t<div class=\"elementor-video\"><\/div>\t\t<\/div>\n\t\t\t\t\t\t<\/div>\n\t\t\t\t<\/div>\n\t\t\t\t\t<\/div>\n\t\t\t\t<\/div>\n\t\t<div class=\"elementor-element elementor-element-3636ff8 e-flex e-con-boxed e-con e-parent\" data-id=\"3636ff8\" data-element_type=\"container\" data-settings=\"{&quot;_ha_eqh_enable&quot;:false}\">\n\t\t\t\t\t<div class=\"e-con-inner\">\n\t\t\t\t\t<\/div>\n\t\t\t\t<\/div>\n\t\t\t\t<\/div>\n\t\t","protected":false},"excerpt":{"rendered":"<p>SOBRE M\u00cd \u00bfQUI\u00c9N SOY? Soy un joven del valle del Bazt\u00e1n. Siempre me ha gustado el deporte, la monta\u00f1a y las aventuras. Siempre me ha gustado el mundo audiovisual y actualmente estudio comunicaci\u00f3n audiovisual en Mondragon Unibertsitatea. Hoy en d\u00eda ando con mi c\u00e1mara siempre que pueden fotografiar por el Baztan Bidasoa. Adem\u00e1s, cada vez [&hellip;]<\/p>\n","protected":false},"author":1,"featured_media":0,"parent":0,"menu_order":0,"comment_status":"closed","ping_status":"closed","template":"","meta":{"footnotes":""},"class_list":["post-699","page","type-page","status-publish","hentry"],"_links":{"self":[{"href":"https:\/\/mikellizardi.eus\/index.php?rest_route=\/wp\/v2\/pages\/699","targetHints":{"allow":["GET"]}}],"collection":[{"href":"https:\/\/mikellizardi.eus\/index.php?rest_route=\/wp\/v2\/pages"}],"about":[{"href":"https:\/\/mikellizardi.eus\/index.php?rest_route=\/wp\/v2\/types\/page"}],"author":[{"embeddable":true,"href":"https:\/\/mikellizardi.eus\/index.php?rest_route=\/wp\/v2\/users\/1"}],"replies":[{"embeddable":true,"href":"https:\/\/mikellizardi.eus\/index.php?rest_route=%2Fwp%2Fv2%2Fcomments&post=699"}],"version-history":[{"count":4,"href":"https:\/\/mikellizardi.eus\/index.php?rest_route=\/wp\/v2\/pages\/699\/revisions"}],"predecessor-version":[{"id":704,"href":"https:\/\/mikellizardi.eus\/index.php?rest_route=\/wp\/v2\/pages\/699\/revisions\/704"}],"wp:attachment":[{"href":"https:\/\/mikellizardi.eus\/index.php?rest_route=%2Fwp%2Fv2%2Fmedia&parent=699"}],"curies":[{"name":"wp","href":"https:\/\/api.w.org\/{rel}","templated":true}]}}